{"id":420,"date":"2023-08-24T13:40:51","date_gmt":"2023-08-24T11:40:51","guid":{"rendered":"https:\/\/cesfam.com\/impressum\/"},"modified":"2023-08-24T17:14:05","modified_gmt":"2023-08-24T15:14:05","slug":"impressum","status":"publish","type":"page","link":"https:\/\/cesfam.com\/es\/impressum\/","title":{"rendered":"Impressum"},"content":{"rendered":"<p>Este aviso legal se actualiz\u00f3 por \u00faltima vez el 24\/08\/2023.<\/p>\n<p>El propietario de este sitio web es:<\/p>\n<p>Cesfam Instalaciones S.L.<br \/>\nC\/ R\u00edo Corumbel s\/n garaje 4<br \/>\n29651 Las Lagunas (Mijas Costa)<br \/>\nm\u00e1laga<br \/>\nEspa\u00f1a<br \/>\nCorreo electr\u00f3nico: info@cesfam.com<br \/>\nN\u00famero de tel\u00e9fono: +34951311376<br \/>\nCIF: B93232494<\/p>\n","protected":false},"excerpt":{"rendered":"<p>Este aviso legal se actualiz\u00f3 por \u00faltima vez el 24\/08\/2023. El propietario de este sitio web es: Cesfam Instalaciones S.L. C\/ R\u00edo Corumbel s\/n garaje 4 29651 Las Lagunas (Mijas Costa) m\u00e1laga Espa\u00f1a Correo electr\u00f3nico: info@cesfam.com N\u00famero de tel\u00e9fono: +34951311376 CIF: B93232494<\/p>\n","protected":false},"author":1,"featured_media":0,"parent":0,"menu_order":0,"comment_status":"closed","ping_status":"closed","template":"","meta":[],"_links":{"self":[{"href":"https:\/\/cesfam.com\/es\/wp-json\/wp\/v2\/pages\/420"}],"collection":[{"href":"https:\/\/cesfam.com\/es\/wp-json\/wp\/v2\/pages"}],"about":[{"href":"https:\/\/cesfam.com\/es\/wp-json\/wp\/v2\/types\/page"}],"author":[{"embeddable":true,"href":"https:\/\/cesfam.com\/es\/wp-json\/wp\/v2\/users\/1"}],"replies":[{"embeddable":true,"href":"https:\/\/cesfam.com\/es\/wp-json\/wp\/v2\/comments?post=420"}],"version-history":[{"count":1,"href":"https:\/\/cesfam.com\/es\/wp-json\/wp\/v2\/pages\/420\/revisions"}],"predecessor-version":[{"id":551,"href":"https:\/\/cesfam.com\/es\/wp-json\/wp\/v2\/pages\/420\/revisions\/551"}],"wp:attachment":[{"href":"https:\/\/cesfam.com\/es\/wp-json\/wp\/v2\/media?parent=420"}],"curies":[{"name":"wp","href":"https:\/\/api.w.org\/{rel}","templated":true}]}}