{"id":441,"date":"2023-08-24T11:02:35","date_gmt":"2023-08-24T09:02:35","guid":{"rendered":"https:\/\/cesfam.com\/piscinas\/"},"modified":"2023-09-18T16:20:32","modified_gmt":"2023-09-18T14:20:32","slug":"piscinas","status":"publish","type":"page","link":"https:\/\/cesfam.com\/es\/piscinas\/","title":{"rendered":"Piscinas"},"content":{"rendered":"\t\t<div data-elementor-type=\"wp-page\" data-elementor-id=\"441\" class=\"elementor elementor-441 elementor-229\" data-elementor-post-type=\"page\">\n\t\t\t\t\t\t\t\t\t<section class=\"elementor-section elementor-top-section elementor-element elementor-element-6e3e115 elementor-section-boxed elementor-section-height-default elementor-section-height-default\" data-id=\"6e3e115\" data-element_type=\"section\" data-settings=\"{&quot;background_background&quot;:&quot;classic&quot;}\">\n\t\t\t\t\t\t\t<div class=\"elementor-background-overlay\"><\/div>\n\t\t\t\t\t\t\t<div class=\"elementor-container elementor-column-gap-default\">\n\t\t\t\t\t<div class=\"elementor-column elementor-col-66 elementor-top-column elementor-element elementor-element-527e94ea\" data-id=\"527e94ea\" data-element_type=\"column\">\n\t\t\t<div class=\"elementor-widget-wrap elementor-element-populated\">\n\t\t\t\t\t\t\t\t<div class=\"elementor-element elementor-element-74407728 elementor-widget elementor-widget-heading\" data-id=\"74407728\" data-element_type=\"widget\" data-widget_type=\"heading.default\">\n\t\t\t\t<div class=\"elementor-widget-container\">\n\t\t\t<style>\/*! elementor - v3.15.0 - 02-08-2023 *\/\n.elementor-heading-title{padding:0;margin:0;line-height:1}.elementor-widget-heading .elementor-heading-title[class*=elementor-size-]>a{color:inherit;font-size:inherit;line-height:inherit}.elementor-widget-heading .elementor-heading-title.elementor-size-small{font-size:15px}.elementor-widget-heading .elementor-heading-title.elementor-size-medium{font-size:19px}.elementor-widget-heading .elementor-heading-title.elementor-size-large{font-size:29px}.elementor-widget-heading .elementor-heading-title.elementor-size-xl{font-size:39px}.elementor-widget-heading .elementor-heading-title.elementor-size-xxl{font-size:59px}<\/style><h1 class=\"elementor-heading-title elementor-size-default\">Piscinas<\/h1>\t\t<\/div>\n\t\t\t\t<\/div>\n\t\t\t\t\t<\/div>\n\t\t<\/div>\n\t\t\t\t<div class=\"elementor-column elementor-col-33 elementor-top-column elementor-element elementor-element-44e5bc65\" data-id=\"44e5bc65\" data-element_type=\"column\">\n\t\t\t<div class=\"elementor-widget-wrap\">\n\t\t\t\t\t\t\t\t\t<\/div>\n\t\t<\/div>\n\t\t\t\t\t\t\t<\/div>\n\t\t<\/section>\n\t\t\t\t<section class=\"elementor-section elementor-top-section elementor-element elementor-element-5d45b61 elementor-section-boxed elementor-section-height-default elementor-section-height-default\" data-id=\"5d45b61\" data-element_type=\"section\">\n\t\t\t\t\t\t<div class=\"elementor-container elementor-column-gap-default\">\n\t\t\t\t\t<div class=\"elementor-column elementor-col-100 elementor-top-column elementor-element elementor-element-ac405cb\" data-id=\"ac405cb\" data-element_type=\"column\">\n\t\t\t<div class=\"elementor-widget-wrap elementor-element-populated\">\n\t\t\t\t\t\t\t\t<section class=\"elementor-section elementor-inner-section elementor-element elementor-element-5e31a46 elementor-section-boxed elementor-section-height-default elementor-section-height-default\" data-id=\"5e31a46\" data-element_type=\"section\">\n\t\t\t\t\t\t<div class=\"elementor-container elementor-column-gap-default\">\n\t\t\t\t\t<div class=\"elementor-column elementor-col-100 elementor-inner-column elementor-element elementor-element-c56f92f\" data-id=\"c56f92f\" data-element_type=\"column\">\n\t\t\t<div class=\"elementor-widget-wrap elementor-element-populated\">\n\t\t\t\t\t\t\t\t<div class=\"elementor-element elementor-element-6a098340 elementor-widget elementor-widget-heading\" data-id=\"6a098340\" data-element_type=\"widget\" data-widget_type=\"heading.default\">\n\t\t\t\t<div class=\"elementor-widget-container\">\n\t\t\t<h4 class=\"elementor-heading-title elementor-size-default\">-para una calidad \u00f3ptima del agua, salud y diversi\u00f3n-\n<\/h4>\t\t<\/div>\n\t\t\t\t<\/div>\n\t\t\t\t\t<\/div>\n\t\t<\/div>\n\t\t\t\t\t\t\t<\/div>\n\t\t<\/section>\n\t\t\t\t<section class=\"elementor-section elementor-inner-section elementor-element elementor-element-767cb6f elementor-section-boxed elementor-section-height-default elementor-section-height-default\" data-id=\"767cb6f\" data-element_type=\"section\">\n\t\t\t\t\t\t<div class=\"elementor-container elementor-column-gap-default\">\n\t\t\t\t\t<div class=\"elementor-column elementor-col-50 elementor-inner-column elementor-element elementor-element-1ce15ca\" data-id=\"1ce15ca\" data-element_type=\"column\">\n\t\t\t<div class=\"elementor-widget-wrap elementor-element-populated\">\n\t\t\t\t\t\t\t\t<div class=\"elementor-element elementor-element-43f75ad3 elementor-widget elementor-widget-image\" data-id=\"43f75ad3\" data-element_type=\"widget\" data-widget_type=\"image.default\">\n\t\t\t\t<div class=\"elementor-widget-container\">\n\t\t\t<style>\/*! elementor - v3.15.0 - 02-08-2023 *\/\n.elementor-widget-image{text-align:center}.elementor-widget-image a{display:inline-block}.elementor-widget-image a img[src$=\".svg\"]{width:48px}.elementor-widget-image img{vertical-align:middle;display:inline-block}<\/style>\t\t\t\t\t\t\t\t\t\t\t\t<img width=\"640\" height=\"480\" src=\"https:\/\/cesfam.com\/wp-content\/uploads\/2023\/08\/Pooltechnik.webp\" class=\"attachment-full size-full wp-image-231\" alt=\"Pooltechnik\" loading=\"lazy\" srcset=\"https:\/\/cesfam.com\/wp-content\/uploads\/2023\/08\/Pooltechnik.webp 640w, https:\/\/cesfam.com\/wp-content\/uploads\/2023\/08\/Pooltechnik-300x225.webp 300w\" sizes=\"(max-width: 640px) 100vw, 640px\" \/>\t\t\t\t\t\t\t\t\t\t\t\t\t\t\t<\/div>\n\t\t\t\t<\/div>\n\t\t\t\t\t<\/div>\n\t\t<\/div>\n\t\t\t\t<div class=\"elementor-column elementor-col-50 elementor-inner-column elementor-element elementor-element-87380dd\" data-id=\"87380dd\" data-element_type=\"column\">\n\t\t\t<div class=\"elementor-widget-wrap elementor-element-populated\">\n\t\t\t\t\t\t\t\t<div class=\"elementor-element elementor-element-e3cbc0f elementor-widget elementor-widget-text-editor\" data-id=\"e3cbc0f\" data-element_type=\"widget\" data-widget_type=\"text-editor.default\">\n\t\t\t\t<div class=\"elementor-widget-container\">\n\t\t\t<style>\/*! elementor - v3.15.0 - 02-08-2023 *\/\n.elementor-widget-text-editor.elementor-drop-cap-view-stacked .elementor-drop-cap{background-color:#69727d;color:#fff}.elementor-widget-text-editor.elementor-drop-cap-view-framed .elementor-drop-cap{color:#69727d;border:3px solid;background-color:transparent}.elementor-widget-text-editor:not(.elementor-drop-cap-view-default) .elementor-drop-cap{margin-top:8px}.elementor-widget-text-editor:not(.elementor-drop-cap-view-default) .elementor-drop-cap-letter{width:1em;height:1em}.elementor-widget-text-editor .elementor-drop-cap{float:left;text-align:center;line-height:1;font-size:50px}.elementor-widget-text-editor .elementor-drop-cap-letter{display:inline-block}<\/style>\t\t\t\t<ul>\n \t<li>Sin un tratamiento minucioso y adecuado del agua, incluso la piscina m\u00e1s lujosa o espectacular dejar\u00e1 de ser divertida para su propietario.<\/li><br>\n \t<li>Los distintos procesos de tratamiento abarcan desde la hidr\u00e1ulica, la filtraci\u00f3n, la floculaci\u00f3n, la desinfecci\u00f3n, la oxidaci\u00f3n, la regulaci\u00f3n del pH hasta la limpieza y adici\u00f3n de agua dulce.<\/li><br>\n \t<li>Siempre utilizamos m\u00e9todos de tratamientos modernos que cumplen con los m\u00e1s altos est\u00e1ndares de calidad. Descubra nuevas sensaciones para una mayor diversi\u00f3n en la piscina; mant\u00e9ngase en forma con un sistema de nataci\u00f3n a contracorriente o refr\u00e9squese con una ducha en cascada.<\/li>\n<\/ul>\t\t\t\t\t\t<\/div>\n\t\t\t\t<\/div>\n\t\t\t\t\t<\/div>\n\t\t<\/div>\n\t\t\t\t\t\t\t<\/div>\n\t\t<\/section>\n\t\t\t\t\t<\/div>\n\t\t<\/div>\n\t\t\t\t\t\t\t<\/div>\n\t\t<\/section>\n\t\t\t\t<section class=\"elementor-section elementor-top-section elementor-element elementor-element-22774ff elementor-section-content-middle elementor-section-boxed elementor-section-height-default elementor-section-height-default\" data-id=\"22774ff\" data-element_type=\"section\" data-settings=\"{&quot;background_background&quot;:&quot;classic&quot;}\">\n\t\t\t\t\t\t<div class=\"elementor-container elementor-column-gap-default\">\n\t\t\t\t\t<div class=\"elementor-column elementor-col-66 elementor-top-column elementor-element elementor-element-8281f1f\" data-id=\"8281f1f\" data-element_type=\"column\">\n\t\t\t<div class=\"elementor-widget-wrap elementor-element-populated\">\n\t\t\t\t\t\t\t\t<div class=\"elementor-element elementor-element-e5b8588 elementor-widget elementor-widget-heading\" data-id=\"e5b8588\" data-element_type=\"widget\" data-widget_type=\"heading.default\">\n\t\t\t\t<div class=\"elementor-widget-container\">\n\t\t\t<h3 class=\"elementor-heading-title elementor-size-default\">Esperamos con inter\u00e9s trabajar con usted<\/h3>\t\t<\/div>\n\t\t\t\t<\/div>\n\t\t\t\t\t<\/div>\n\t\t<\/div>\n\t\t\t\t<div class=\"elementor-column elementor-col-33 elementor-top-column elementor-element elementor-element-5062ba6\" data-id=\"5062ba6\" data-element_type=\"column\">\n\t\t\t<div class=\"elementor-widget-wrap elementor-element-populated\">\n\t\t\t\t\t\t\t\t<div class=\"elementor-element elementor-element-84c87e6 elementor-align-right elementor-mobile-align-center elementor-widget elementor-widget-button\" data-id=\"84c87e6\" data-element_type=\"widget\" data-widget_type=\"button.default\">\n\t\t\t\t<div class=\"elementor-widget-container\">\n\t\t\t\t\t<div class=\"elementor-button-wrapper\">\n\t\t\t<a class=\"elementor-button elementor-button-link elementor-size-md\" href=\"https:\/\/cesfam.com\/es\/contacto\/\">\n\t\t\t\t\t\t<span class=\"elementor-button-content-wrapper\">\n\t\t\t\t\t\t<span class=\"elementor-button-text\">Contacto<\/span>\n\t\t<\/span>\n\t\t\t\t\t<\/a>\n\t\t<\/div>\n\t\t\t\t<\/div>\n\t\t\t\t<\/div>\n\t\t\t\t\t<\/div>\n\t\t<\/div>\n\t\t\t\t\t\t\t<\/div>\n\t\t<\/section>\n\t\t\t\t\t\t\t<\/div>\n\t\t","protected":false},"excerpt":{"rendered":"<p>-para una calidad \u00f3ptima del agua, salud y diversi\u00f3n- Sin un tratamiento minucioso y adecuado del agua, incluso la piscina m\u00e1s lujosa o espectacular dejar\u00e1 de ser divertida para su propietario. Los distintos procesos de tratamiento abarcan desde la hidr\u00e1ulica, la filtraci\u00f3n, la floculaci\u00f3n, la desinfecci\u00f3n, la oxidaci\u00f3n, la regulaci\u00f3n del pH hasta la limpieza [&hellip;]<\/p>\n","protected":false},"author":1,"featured_media":0,"parent":0,"menu_order":0,"comment_status":"closed","ping_status":"closed","template":"elementor_header_footer","meta":[],"_links":{"self":[{"href":"https:\/\/cesfam.com\/es\/wp-json\/wp\/v2\/pages\/441"}],"collection":[{"href":"https:\/\/cesfam.com\/es\/wp-json\/wp\/v2\/pages"}],"about":[{"href":"https:\/\/cesfam.com\/es\/wp-json\/wp\/v2\/types\/page"}],"author":[{"embeddable":true,"href":"https:\/\/cesfam.com\/es\/wp-json\/wp\/v2\/users\/1"}],"replies":[{"embeddable":true,"href":"https:\/\/cesfam.com\/es\/wp-json\/wp\/v2\/comments?post=441"}],"version-history":[{"count":4,"href":"https:\/\/cesfam.com\/es\/wp-json\/wp\/v2\/pages\/441\/revisions"}],"predecessor-version":[{"id":670,"href":"https:\/\/cesfam.com\/es\/wp-json\/wp\/v2\/pages\/441\/revisions\/670"}],"wp:attachment":[{"href":"https:\/\/cesfam.com\/es\/wp-json\/wp\/v2\/media?parent=441"}],"curies":[{"name":"wp","href":"https:\/\/api.w.org\/{rel}","templated":true}]}}